{"id":101,"date":"2015-01-21T15:29:07","date_gmt":"2015-01-21T14:29:07","guid":{"rendered":"http:\/\/gap.themelovin.com\/?page_id=101"},"modified":"2022-03-01T12:03:10","modified_gmt":"2022-03-01T11:03:10","slug":"portfolio-classic","status":"publish","type":"page","link":"https:\/\/edwigelherbet.fr\/?page_id=101","title":{"rendered":""},"content":{"rendered":"\n<div class=\"thmlv-short-col thmlv-short-span-6\" data-animation=\"\" data-delay=\"0\"><\/div>\n\n\n\n<div class=\"thmlv-short-col thmlv-short-span-6 thmlv-short-col-last\" data-animation=\"\" data-delay=\"0\"><img class=\"img-with-animation\" data-delay=\"\u00bb100&Prime;\" data-animation=\"\u00bbfade\" src=\"\" alt=\"\" \/><\/div><div class=\"thmlv-short-clear\"><\/div><br><div style=\"height: 60px;\" class=\"thmlv-short-divider\"><\/div><\/p>\n\n\n\n\n\t<div id=\"fws_6a07c537e96a6\" class=\"thmlv-short-full-width-section parallax_section   \" style=\"background-image: url(http:\/\/36.media.tumblr.com\/c68eb6e5551912e231bbe8854c745263\/tumblr_ngfwlvHb1i1qfirfao1_1280.jpg); background-position: Left Top; background-repeat: no-repeat; background-size: cover; -moz-background-size: cover; -webkit-background-size: cover;color: #ffffff; padding-top: 400px; padding-bottom: 400px; \">\n    <div class=\"container\"> <\/div><\/div>\n\n\n\n<div style=\"height: 120px;\" class=\"thmlv-short-divider\"><\/div>\n\n\n\n<div style=\"height: 120px;\" class=\"thmlv-short-divider\"><\/div>\n\n\n\n<figure class=\"wp-block-gallery columns-0 is-cropped\"><ul class=\"blocks-gallery-grid\"><\/ul><\/figure>\n\n\n\n<p><\/p>\n","protected":false},"excerpt":{"rendered":"","protected":false},"author":1,"featured_media":0,"parent":0,"menu_order":0,"comment_status":"open","ping_status":"open","template":"thmlv-page-portfolio-classic.php","meta":[],"yoast_head":"<!-- This site is optimized with the Yoast SEO plugin v19.4 - https:\/\/yoast.com\/wordpress\/plugins\/seo\/ -->\n<title>Edwige Lherbet | Graphiste Lot-et-Garonne<\/title>\n<meta name=\"description\" content=\"La communication visuelle vise \u00e0 diffuser des informations afin de f\u00e9d\u00e9rer autour de projets communs et de valoriser votre marque.\" \/>\n<meta name=\"robots\" content=\"index, follow, max-snippet:-1, max-image-preview:large, max-video-preview:-1\" \/>\n<link rel=\"canonical\" href=\"https:\/\/edwigelherbet.fr\/?page_id=101\" \/>\n<meta property=\"og:locale\" content=\"fr_FR\" \/>\n<meta property=\"og:type\" content=\"article\" \/>\n<meta property=\"og:title\" content=\"Edwige Lherbet | Graphiste Lot-et-Garonne\" \/>\n<meta property=\"og:description\" content=\"La communication visuelle vise \u00e0 diffuser des informations afin de f\u00e9d\u00e9rer autour de projets communs et de valoriser votre marque.\" \/>\n<meta property=\"og:url\" content=\"https:\/\/edwigelherbet.fr\/?page_id=101\" \/>\n<meta property=\"og:site_name\" content=\"Edwige Lherbet | Graphiste Lot-et-Garonne\" \/>\n<meta property=\"article:publisher\" content=\"https:\/\/www.facebook.com\/edwige.graphiste\" \/>\n<meta property=\"article:modified_time\" content=\"2022-03-01T11:03:10+00:00\" \/>\n<meta property=\"og:image\" content=\"https:\/\/edwigelherbet.fr\/wp-content\/uploads\/2018\/08\/bdx.jpg\" \/>\n\t<meta property=\"og:image:width\" content=\"851\" \/>\n\t<meta property=\"og:image:height\" content=\"315\" \/>\n\t<meta property=\"og:image:type\" content=\"image\/jpeg\" \/>\n<meta name=\"twitter:card\" content=\"summary_large_image\" \/>\n<meta name=\"twitter:label1\" content=\"Dur\u00e9e de lecture estim\u00e9e\" \/>\n\t<meta name=\"twitter:data1\" content=\"1 minute\" \/>\n<script type=\"application\/ld+json\" class=\"yoast-schema-graph\">{\"@context\":\"https:\/\/schema.org\",\"@graph\":[{\"@type\":\"Organization\",\"@id\":\"https:\/\/edwigelherbet.fr\/#organization\",\"name\":\"Edwige Lherbet\",\"url\":\"https:\/\/edwigelherbet.fr\/\",\"sameAs\":[\"https:\/\/www.instagram.com\/edwige_lhrbt\/\",\"https:\/\/www.facebook.com\/edwige.graphiste\"],\"logo\":{\"@type\":\"ImageObject\",\"inLanguage\":\"fr-FR\",\"@id\":\"https:\/\/edwigelherbet.fr\/#\/schema\/logo\/image\/\",\"url\":\"https:\/\/edwigelherbet.fr\/wp-content\/uploads\/2021\/12\/seologo-2.jpg\",\"contentUrl\":\"https:\/\/edwigelherbet.fr\/wp-content\/uploads\/2021\/12\/seologo-2.jpg\",\"width\":314,\"height\":205,\"caption\":\"Edwige Lherbet\"},\"image\":{\"@id\":\"https:\/\/edwigelherbet.fr\/#\/schema\/logo\/image\/\"}},{\"@type\":\"WebSite\",\"@id\":\"https:\/\/edwigelherbet.fr\/#website\",\"url\":\"https:\/\/edwigelherbet.fr\/\",\"name\":\"Edwige Lherbet | Graphiste Lot-et-Garonne\",\"description\":\"Graphiste ind\u00e9pendant Lot et Garonne\",\"publisher\":{\"@id\":\"https:\/\/edwigelherbet.fr\/#organization\"},\"potentialAction\":[{\"@type\":\"SearchAction\",\"target\":{\"@type\":\"EntryPoint\",\"urlTemplate\":\"https:\/\/edwigelherbet.fr\/?s={search_term_string}\"},\"query-input\":\"required name=search_term_string\"}],\"inLanguage\":\"fr-FR\"},{\"@type\":\"WebPage\",\"@id\":\"https:\/\/edwigelherbet.fr\/?page_id=101\",\"url\":\"https:\/\/edwigelherbet.fr\/?page_id=101\",\"name\":\"Edwige Lherbet | Graphiste Lot-et-Garonne\",\"isPartOf\":{\"@id\":\"https:\/\/edwigelherbet.fr\/#website\"},\"datePublished\":\"2015-01-21T14:29:07+00:00\",\"dateModified\":\"2022-03-01T11:03:10+00:00\",\"description\":\"La communication visuelle vise \u00e0 diffuser des informations afin de f\u00e9d\u00e9rer autour de projets communs et de valoriser votre marque.\",\"breadcrumb\":{\"@id\":\"https:\/\/edwigelherbet.fr\/?page_id=101#breadcrumb\"},\"inLanguage\":\"fr-FR\",\"potentialAction\":[{\"@type\":\"ReadAction\",\"target\":[\"https:\/\/edwigelherbet.fr\/?page_id=101\"]}]},{\"@type\":\"BreadcrumbList\",\"@id\":\"https:\/\/edwigelherbet.fr\/?page_id=101#breadcrumb\",\"itemListElement\":[{\"@type\":\"ListItem\",\"position\":1,\"name\":\"Accueil\",\"item\":\"https:\/\/edwigelherbet.fr\/\"},{\"@type\":\"ListItem\",\"position\":2,\"name\":\"\"}]}]}<\/script>\n<!-- \/ Yoast SEO plugin. -->","yoast_head_json":{"title":"Edwige Lherbet | Graphiste Lot-et-Garonne","description":"La communication visuelle vise \u00e0 diffuser des informations afin de f\u00e9d\u00e9rer autour de projets communs et de valoriser votre marque.","robots":{"index":"index","follow":"follow","max-snippet":"max-snippet:-1","max-image-preview":"max-image-preview:large","max-video-preview":"max-video-preview:-1"},"canonical":"https:\/\/edwigelherbet.fr\/?page_id=101","og_locale":"fr_FR","og_type":"article","og_title":"Edwige Lherbet | Graphiste Lot-et-Garonne","og_description":"La communication visuelle vise \u00e0 diffuser des informations afin de f\u00e9d\u00e9rer autour de projets communs et de valoriser votre marque.","og_url":"https:\/\/edwigelherbet.fr\/?page_id=101","og_site_name":"Edwige Lherbet | Graphiste Lot-et-Garonne","article_publisher":"https:\/\/www.facebook.com\/edwige.graphiste","article_modified_time":"2022-03-01T11:03:10+00:00","og_image":[{"width":851,"height":315,"url":"https:\/\/edwigelherbet.fr\/wp-content\/uploads\/2018\/08\/bdx.jpg","type":"image\/jpeg"}],"twitter_card":"summary_large_image","twitter_misc":{"Dur\u00e9e de lecture estim\u00e9e":"1 minute"},"schema":{"@context":"https:\/\/schema.org","@graph":[{"@type":"Organization","@id":"https:\/\/edwigelherbet.fr\/#organization","name":"Edwige Lherbet","url":"https:\/\/edwigelherbet.fr\/","sameAs":["https:\/\/www.instagram.com\/edwige_lhrbt\/","https:\/\/www.facebook.com\/edwige.graphiste"],"logo":{"@type":"ImageObject","inLanguage":"fr-FR","@id":"https:\/\/edwigelherbet.fr\/#\/schema\/logo\/image\/","url":"https:\/\/edwigelherbet.fr\/wp-content\/uploads\/2021\/12\/seologo-2.jpg","contentUrl":"https:\/\/edwigelherbet.fr\/wp-content\/uploads\/2021\/12\/seologo-2.jpg","width":314,"height":205,"caption":"Edwige Lherbet"},"image":{"@id":"https:\/\/edwigelherbet.fr\/#\/schema\/logo\/image\/"}},{"@type":"WebSite","@id":"https:\/\/edwigelherbet.fr\/#website","url":"https:\/\/edwigelherbet.fr\/","name":"Edwige Lherbet | Graphiste Lot-et-Garonne","description":"Graphiste ind\u00e9pendant Lot et Garonne","publisher":{"@id":"https:\/\/edwigelherbet.fr\/#organization"},"potentialAction":[{"@type":"SearchAction","target":{"@type":"EntryPoint","urlTemplate":"https:\/\/edwigelherbet.fr\/?s={search_term_string}"},"query-input":"required name=search_term_string"}],"inLanguage":"fr-FR"},{"@type":"WebPage","@id":"https:\/\/edwigelherbet.fr\/?page_id=101","url":"https:\/\/edwigelherbet.fr\/?page_id=101","name":"Edwige Lherbet | Graphiste Lot-et-Garonne","isPartOf":{"@id":"https:\/\/edwigelherbet.fr\/#website"},"datePublished":"2015-01-21T14:29:07+00:00","dateModified":"2022-03-01T11:03:10+00:00","description":"La communication visuelle vise \u00e0 diffuser des informations afin de f\u00e9d\u00e9rer autour de projets communs et de valoriser votre marque.","breadcrumb":{"@id":"https:\/\/edwigelherbet.fr\/?page_id=101#breadcrumb"},"inLanguage":"fr-FR","potentialAction":[{"@type":"ReadAction","target":["https:\/\/edwigelherbet.fr\/?page_id=101"]}]},{"@type":"BreadcrumbList","@id":"https:\/\/edwigelherbet.fr\/?page_id=101#breadcrumb","itemListElement":[{"@type":"ListItem","position":1,"name":"Accueil","item":"https:\/\/edwigelherbet.fr\/"},{"@type":"ListItem","position":2,"name":""}]}]}},"_links":{"self":[{"href":"https:\/\/edwigelherbet.fr\/index.php?rest_route=\/wp\/v2\/pages\/101"}],"collection":[{"href":"https:\/\/edwigelherbet.fr\/index.php?rest_route=\/wp\/v2\/pages"}],"about":[{"href":"https:\/\/edwigelherbet.fr\/index.php?rest_route=\/wp\/v2\/types\/page"}],"author":[{"embeddable":true,"href":"https:\/\/edwigelherbet.fr\/index.php?rest_route=\/wp\/v2\/users\/1"}],"replies":[{"embeddable":true,"href":"https:\/\/edwigelherbet.fr\/index.php?rest_route=%2Fwp%2Fv2%2Fcomments&post=101"}],"version-history":[{"count":17,"href":"https:\/\/edwigelherbet.fr\/index.php?rest_route=\/wp\/v2\/pages\/101\/revisions"}],"predecessor-version":[{"id":1182,"href":"https:\/\/edwigelherbet.fr\/index.php?rest_route=\/wp\/v2\/pages\/101\/revisions\/1182"}],"wp:attachment":[{"href":"https:\/\/edwigelherbet.fr\/index.php?rest_route=%2Fwp%2Fv2%2Fmedia&parent=101"}],"curies":[{"name":"wp","href":"https:\/\/api.w.org\/{rel}","templated":true}]}}