{"id":62,"date":"2015-01-20T09:55:22","date_gmt":"2015-01-20T08:55:22","guid":{"rendered":"http:\/\/gap.themelovin.com\/?page_id=62"},"modified":"2022-03-01T11:49:53","modified_gmt":"2022-03-01T10:49:53","slug":"contact-without-map","status":"publish","type":"page","link":"https:\/\/edwigelherbet.fr\/?page_id=62","title":{"rendered":"contact"},"content":{"rendered":"\n<p><\/p>\n\n\n\n<h4><span style=\"color:#a1403f\" class=\"has-inline-color\">C O N T A C T E Z &#8211; M O I<\/span><\/h4>\n\n\n\n<p>___<\/p>\n\n\n<p class=\"fonts-plugin-block\" style=\"font-weight: normal\"><strong><span class=\"has-inline-color has-black-color\">Vous avez une id\u00e9e en t\u00eate ?\u00a0Vous\u00a0d\u00e9sirez\u00a0une demande de renseignement ?\u00a0Vous souhaitez un devis ?<\/span><\/strong><\/p>\n\n\n<p><em>N&rsquo;h\u00e9sitez pas \u00e0 m&rsquo;\u00e9crire.<\/em><\/p>\n\n\n<div role=\"form\" class=\"wpcf7\" id=\"wpcf7-f1329-o1\" lang=\"fr-FR\" dir=\"ltr\">\n<div class=\"screen-reader-response\"><p role=\"status\" aria-live=\"polite\" aria-atomic=\"true\"><\/p> <ul><\/ul><\/div>\n<form action=\"\/index.php?rest_route=%2Fwp%2Fv2%2Fpages%2F62#wpcf7-f1329-o1\" method=\"post\" class=\"wpcf7-form init\" novalidate=\"novalidate\" data-status=\"init\">\n<div style=\"display: none;\">\n<input type=\"hidden\" name=\"_wpcf7\" value=\"1329\" \/>\n<input type=\"hidden\" name=\"_wpcf7_version\" value=\"5.5.6\" \/>\n<input type=\"hidden\" name=\"_wpcf7_locale\" value=\"fr_FR\" \/>\n<input type=\"hidden\" name=\"_wpcf7_unit_tag\" value=\"wpcf7-f1329-o1\" \/>\n<input type=\"hidden\" name=\"_wpcf7_container_post\" value=\"0\" \/>\n<input type=\"hidden\" name=\"_wpcf7_posted_data_hash\" value=\"\" \/>\n<input type=\"hidden\" name=\"_wpcf7_recaptcha_response\" value=\"\" \/>\n<\/div>\n<p><label> Nom | Pr\u00e9nom*<br \/>\n    <span class=\"wpcf7-form-control-wrap your-name\"><input type=\"text\" name=\"your-name\" value=\"\" size=\"40\" class=\"wpcf7-form-control wpcf7-text wpcf7-validates-as-required\" aria-required=\"true\" aria-invalid=\"false\" \/><\/span> <\/label><\/p>\n<p><label> e-mail*<br \/>\n    <span class=\"wpcf7-form-control-wrap your-email\"><input type=\"email\" name=\"your-email\" value=\"\" size=\"40\" class=\"wpcf7-form-control wpcf7-text wpcf7-email wpcf7-validates-as-required wpcf7-validates-as-email\" aria-required=\"true\" aria-invalid=\"false\" \/><\/span> <\/label><\/p>\n<p><label> T\u00e9l\u00e9phone<br \/>\n<span class=\"wpcf7-form-control-wrap tel-112\"><input type=\"tel\" name=\"tel-112\" value=\"\" size=\"40\" class=\"wpcf7-form-control wpcf7-text wpcf7-tel wpcf7-validates-as-tel\" aria-invalid=\"false\" \/><\/span><\/label><\/p>\n<p><label> Objet<br \/>\n    <span class=\"wpcf7-form-control-wrap your-subject\"><input type=\"text\" name=\"your-subject\" value=\"\" size=\"40\" class=\"wpcf7-form-control wpcf7-text\" aria-invalid=\"false\" \/><\/span> <\/label><\/p>\n<p><label> Message<br \/>\n    <span class=\"wpcf7-form-control-wrap your-message\"><textarea name=\"your-message\" cols=\"40\" rows=\"10\" class=\"wpcf7-form-control wpcf7-textarea\" aria-invalid=\"false\"><\/textarea><\/span> <\/label><\/p>\n<p><input type=\"submit\" value=\"Envoyer\" class=\"wpcf7-form-control has-spinner wpcf7-submit\" \/><\/p>\n<div class=\"wpcf7-response-output\" aria-hidden=\"true\"><\/div><\/form><\/div>\n\n\n<p>\u00a0<\/p>\n<p><strong><br \/><span style=\"font-size: 14pt;\">Edwige LHERBET<\/span><br \/><br \/><\/strong>Lot-et-Garonne (47),<br \/>Verteuil-d&rsquo;Agenais.<\/p>\n<p><strong><span style=\"color: #a1403f;\">06 79 96 26 65<\/span><\/strong><\/p>\n<p><strong><span style=\"color: #a1403f;\">edwige.lherbet@gmail.com<\/span><\/strong><\/p>","protected":false},"excerpt":{"rendered":"<p>C O N T A C T E Z &#8211; M O I ___ N&rsquo;h\u00e9sitez [&hellip;]<\/p>\n","protected":false},"author":1,"featured_media":0,"parent":0,"menu_order":0,"comment_status":"open","ping_status":"open","template":"","meta":[],"yoast_head":"<!-- This site is optimized with the Yoast SEO plugin v19.4 - https:\/\/yoast.com\/wordpress\/plugins\/seo\/ -->\n<title>Contact | Edwige Lherbet | Graphiste Lot-et-Garonne<\/title>\n<meta name=\"description\" content=\"Contact graphiste freelance \u00e0 Verteuil d&#039;Agenais en Lot et Garonne. Email : edwigelherbet@gmail.com | T\u00e9l\u00e9phone : 06 79 96 26 65\" \/>\n<meta name=\"robots\" content=\"index, follow, max-snippet:-1, max-image-preview:large, max-video-preview:-1\" \/>\n<link rel=\"canonical\" href=\"https:\/\/edwigelherbet.fr\/?page_id=62\" \/>\n<meta property=\"og:locale\" content=\"fr_FR\" \/>\n<meta property=\"og:type\" content=\"article\" \/>\n<meta property=\"og:title\" content=\"Contact | Edwige Lherbet | Graphiste Lot-et-Garonne\" \/>\n<meta property=\"og:description\" content=\"Contact graphiste freelance \u00e0 Verteuil d&#039;Agenais en Lot et Garonne. Email : edwigelherbet@gmail.com | T\u00e9l\u00e9phone : 06 79 96 26 65\" \/>\n<meta property=\"og:url\" content=\"https:\/\/edwigelherbet.fr\/?page_id=62\" \/>\n<meta property=\"og:site_name\" content=\"Edwige Lherbet | Graphiste Lot-et-Garonne\" \/>\n<meta property=\"article:publisher\" content=\"https:\/\/www.facebook.com\/edwige.graphiste\" \/>\n<meta property=\"article:modified_time\" content=\"2022-03-01T10:49:53+00:00\" \/>\n<meta property=\"og:image\" content=\"https:\/\/edwigelherbet.fr\/wp-content\/uploads\/2018\/08\/bdx.jpg\" \/>\n\t<meta property=\"og:image:width\" content=\"851\" \/>\n\t<meta property=\"og:image:height\" content=\"315\" \/>\n\t<meta property=\"og:image:type\" content=\"image\/jpeg\" \/>\n<meta name=\"twitter:card\" content=\"summary_large_image\" \/>\n<meta name=\"twitter:label1\" content=\"Dur\u00e9e de lecture estim\u00e9e\" \/>\n\t<meta name=\"twitter:data1\" content=\"1 minute\" \/>\n<script type=\"application\/ld+json\" class=\"yoast-schema-graph\">{\"@context\":\"https:\/\/schema.org\",\"@graph\":[{\"@type\":\"Organization\",\"@id\":\"https:\/\/edwigelherbet.fr\/#organization\",\"name\":\"Edwige Lherbet\",\"url\":\"https:\/\/edwigelherbet.fr\/\",\"sameAs\":[\"https:\/\/www.instagram.com\/edwige_lhrbt\/\",\"https:\/\/www.facebook.com\/edwige.graphiste\"],\"logo\":{\"@type\":\"ImageObject\",\"inLanguage\":\"fr-FR\",\"@id\":\"https:\/\/edwigelherbet.fr\/#\/schema\/logo\/image\/\",\"url\":\"https:\/\/edwigelherbet.fr\/wp-content\/uploads\/2021\/12\/seologo-2.jpg\",\"contentUrl\":\"https:\/\/edwigelherbet.fr\/wp-content\/uploads\/2021\/12\/seologo-2.jpg\",\"width\":314,\"height\":205,\"caption\":\"Edwige Lherbet\"},\"image\":{\"@id\":\"https:\/\/edwigelherbet.fr\/#\/schema\/logo\/image\/\"}},{\"@type\":\"WebSite\",\"@id\":\"https:\/\/edwigelherbet.fr\/#website\",\"url\":\"https:\/\/edwigelherbet.fr\/\",\"name\":\"Edwige Lherbet | Graphiste Lot-et-Garonne\",\"description\":\"Graphiste ind\u00e9pendant Lot et Garonne\",\"publisher\":{\"@id\":\"https:\/\/edwigelherbet.fr\/#organization\"},\"potentialAction\":[{\"@type\":\"SearchAction\",\"target\":{\"@type\":\"EntryPoint\",\"urlTemplate\":\"https:\/\/edwigelherbet.fr\/?s={search_term_string}\"},\"query-input\":\"required name=search_term_string\"}],\"inLanguage\":\"fr-FR\"},{\"@type\":\"WebPage\",\"@id\":\"https:\/\/edwigelherbet.fr\/?page_id=62\",\"url\":\"https:\/\/edwigelherbet.fr\/?page_id=62\",\"name\":\"Contact | Edwige Lherbet | Graphiste Lot-et-Garonne\",\"isPartOf\":{\"@id\":\"https:\/\/edwigelherbet.fr\/#website\"},\"datePublished\":\"2015-01-20T08:55:22+00:00\",\"dateModified\":\"2022-03-01T10:49:53+00:00\",\"description\":\"Contact graphiste freelance \u00e0 Verteuil d'Agenais en Lot et Garonne. Email : edwigelherbet@gmail.com | T\u00e9l\u00e9phone : 06 79 96 26 65\",\"breadcrumb\":{\"@id\":\"https:\/\/edwigelherbet.fr\/?page_id=62#breadcrumb\"},\"inLanguage\":\"fr-FR\",\"potentialAction\":[{\"@type\":\"ReadAction\",\"target\":[\"https:\/\/edwigelherbet.fr\/?page_id=62\"]}]},{\"@type\":\"BreadcrumbList\",\"@id\":\"https:\/\/edwigelherbet.fr\/?page_id=62#breadcrumb\",\"itemListElement\":[{\"@type\":\"ListItem\",\"position\":1,\"name\":\"Accueil\",\"item\":\"https:\/\/edwigelherbet.fr\/\"},{\"@type\":\"ListItem\",\"position\":2,\"name\":\"contact\"}]}]}<\/script>\n<!-- \/ Yoast SEO plugin. -->","yoast_head_json":{"title":"Contact | Edwige Lherbet | Graphiste Lot-et-Garonne","description":"Contact graphiste freelance \u00e0 Verteuil d'Agenais en Lot et Garonne. Email : edwigelherbet@gmail.com | T\u00e9l\u00e9phone : 06 79 96 26 65","robots":{"index":"index","follow":"follow","max-snippet":"max-snippet:-1","max-image-preview":"max-image-preview:large","max-video-preview":"max-video-preview:-1"},"canonical":"https:\/\/edwigelherbet.fr\/?page_id=62","og_locale":"fr_FR","og_type":"article","og_title":"Contact | Edwige Lherbet | Graphiste Lot-et-Garonne","og_description":"Contact graphiste freelance \u00e0 Verteuil d'Agenais en Lot et Garonne. Email : edwigelherbet@gmail.com | T\u00e9l\u00e9phone : 06 79 96 26 65","og_url":"https:\/\/edwigelherbet.fr\/?page_id=62","og_site_name":"Edwige Lherbet | Graphiste Lot-et-Garonne","article_publisher":"https:\/\/www.facebook.com\/edwige.graphiste","article_modified_time":"2022-03-01T10:49:53+00:00","og_image":[{"width":851,"height":315,"url":"https:\/\/edwigelherbet.fr\/wp-content\/uploads\/2018\/08\/bdx.jpg","type":"image\/jpeg"}],"twitter_card":"summary_large_image","twitter_misc":{"Dur\u00e9e de lecture estim\u00e9e":"1 minute"},"schema":{"@context":"https:\/\/schema.org","@graph":[{"@type":"Organization","@id":"https:\/\/edwigelherbet.fr\/#organization","name":"Edwige Lherbet","url":"https:\/\/edwigelherbet.fr\/","sameAs":["https:\/\/www.instagram.com\/edwige_lhrbt\/","https:\/\/www.facebook.com\/edwige.graphiste"],"logo":{"@type":"ImageObject","inLanguage":"fr-FR","@id":"https:\/\/edwigelherbet.fr\/#\/schema\/logo\/image\/","url":"https:\/\/edwigelherbet.fr\/wp-content\/uploads\/2021\/12\/seologo-2.jpg","contentUrl":"https:\/\/edwigelherbet.fr\/wp-content\/uploads\/2021\/12\/seologo-2.jpg","width":314,"height":205,"caption":"Edwige Lherbet"},"image":{"@id":"https:\/\/edwigelherbet.fr\/#\/schema\/logo\/image\/"}},{"@type":"WebSite","@id":"https:\/\/edwigelherbet.fr\/#website","url":"https:\/\/edwigelherbet.fr\/","name":"Edwige Lherbet | Graphiste Lot-et-Garonne","description":"Graphiste ind\u00e9pendant Lot et Garonne","publisher":{"@id":"https:\/\/edwigelherbet.fr\/#organization"},"potentialAction":[{"@type":"SearchAction","target":{"@type":"EntryPoint","urlTemplate":"https:\/\/edwigelherbet.fr\/?s={search_term_string}"},"query-input":"required name=search_term_string"}],"inLanguage":"fr-FR"},{"@type":"WebPage","@id":"https:\/\/edwigelherbet.fr\/?page_id=62","url":"https:\/\/edwigelherbet.fr\/?page_id=62","name":"Contact | Edwige Lherbet | Graphiste Lot-et-Garonne","isPartOf":{"@id":"https:\/\/edwigelherbet.fr\/#website"},"datePublished":"2015-01-20T08:55:22+00:00","dateModified":"2022-03-01T10:49:53+00:00","description":"Contact graphiste freelance \u00e0 Verteuil d'Agenais en Lot et Garonne. Email : edwigelherbet@gmail.com | T\u00e9l\u00e9phone : 06 79 96 26 65","breadcrumb":{"@id":"https:\/\/edwigelherbet.fr\/?page_id=62#breadcrumb"},"inLanguage":"fr-FR","potentialAction":[{"@type":"ReadAction","target":["https:\/\/edwigelherbet.fr\/?page_id=62"]}]},{"@type":"BreadcrumbList","@id":"https:\/\/edwigelherbet.fr\/?page_id=62#breadcrumb","itemListElement":[{"@type":"ListItem","position":1,"name":"Accueil","item":"https:\/\/edwigelherbet.fr\/"},{"@type":"ListItem","position":2,"name":"contact"}]}]}},"_links":{"self":[{"href":"https:\/\/edwigelherbet.fr\/index.php?rest_route=\/wp\/v2\/pages\/62"}],"collection":[{"href":"https:\/\/edwigelherbet.fr\/index.php?rest_route=\/wp\/v2\/pages"}],"about":[{"href":"https:\/\/edwigelherbet.fr\/index.php?rest_route=\/wp\/v2\/types\/page"}],"author":[{"embeddable":true,"href":"https:\/\/edwigelherbet.fr\/index.php?rest_route=\/wp\/v2\/users\/1"}],"replies":[{"embeddable":true,"href":"https:\/\/edwigelherbet.fr\/index.php?rest_route=%2Fwp%2Fv2%2Fcomments&post=62"}],"version-history":[{"count":40,"href":"https:\/\/edwigelherbet.fr\/index.php?rest_route=\/wp\/v2\/pages\/62\/revisions"}],"predecessor-version":[{"id":1503,"href":"https:\/\/edwigelherbet.fr\/index.php?rest_route=\/wp\/v2\/pages\/62\/revisions\/1503"}],"wp:attachment":[{"href":"https:\/\/edwigelherbet.fr\/index.php?rest_route=%2Fwp%2Fv2%2Fmedia&parent=62"}],"curies":[{"name":"wp","href":"https:\/\/api.w.org\/{rel}","templated":true}]}}