{"id":9,"date":"2015-01-18T13:19:44","date_gmt":"2015-01-18T13:19:44","guid":{"rendered":"http:\/\/gap.themelovin.com\/?page_id=9"},"modified":"2022-03-02T14:32:00","modified_gmt":"2022-03-02T13:32:00","slug":"communication-visuelle","status":"publish","type":"page","link":"https:\/\/edwigelherbet.fr\/?page_id=9","title":{"rendered":"services"},"content":{"rendered":"<div class=\"thmlv-short-col thmlv-short-span-6\" data-animation=\"\" data-delay=\"0\">\n<p class=\"_projet\">PR\u00c9SENTATION<br \/>\n_____<\/p>\n<p class=\"_projet\">Titulaire d&rsquo;un Master en Conception Design Graphique, je suis graphiste ind\u00e9pendante, en Lot et Garonne (47).<\/p>\n<p class=\"_projet\"><span style=\"color: #a1403f;\">J&rsquo;accompagne les entreprises, les associations, les institutions, les artisans et producteurs locaux dans la cr\u00e9ation d&rsquo;identit\u00e9s visuelles, d&rsquo;\u00e9ditions, d&rsquo;affiches, etc. sur-mesure.<\/span><\/p>\n<p>Je suis disponible pour comprendre et d\u00e9couvrir votre activit\u00e9. <strong>Dites-moi ce que vous faites et je vous dirai de quel support vous avez besoin.<\/strong><\/p>\n<\/div> <div class=\"thmlv-short-col thmlv-short-span-6 thmlv-short-col-last\" data-animation=\"\" data-delay=\"0\">\n<p>POUR QUI ?<br \/>\n_____<\/p>\n<p><strong>Vous d\u00e9marrez une activit\u00e9 ou lancez un nouveau produit ?<\/strong><br \/>\nVous souhaitez cr\u00e9er une identit\u00e9 de marque coh\u00e9rente et harmonieuse sur tout vos supports de communication.<br \/>\n<strong><br \/>\nVous avez besoin de mettre \u00e0 jour votre charte graphique<\/strong> existante pour la moderniser et ainsi mieux cibler vos clients.<br \/>\n<strong><br \/>\nVous souhaitez cr\u00e9er des supports imprim\u00e9s<\/strong> (flyer, brochure, menu\u2026) dans le but de valoriser vos produits ou services.<br \/>\n<strong><br \/>\nVous avez un projet ponctuel\u00a0<\/strong>comme un \u00e9v\u00e8nement ou un salon professionnel ? Confier l\u2019ensemble de la cr\u00e9ation graphique de votre entreprise \u00e0 un graphiste freelance.\u00a0<span style=\"font-size: Revert; color: initial;\"><\/div><div class=\"thmlv-short-clear\"><\/div><\/span><\/p>\n<div style=\"height: 10px;\" class=\"thmlv-short-divider\"><\/div>\n<div class=\"thmlv-short-col thmlv-short-span-6\" data-animation=\"\" data-delay=\"0\">\n<\/div> <div class=\"thmlv-short-col thmlv-short-span-6 thmlv-short-col-last\" data-animation=\"\" data-delay=\"0\"><img class=\"img-with-animation\" data-delay=\"\u00bb100&Prime;\" data-animation=\"\u00bbfade\" src=\"\" alt=\"\" \/><\/div><div class=\"thmlv-short-clear\"><\/div>\n<div style=\"height: 60px;\" class=\"thmlv-short-divider\"><\/div><\/p>\n\n\t<div id=\"fws_6a07c503a5a67\" class=\"thmlv-short-full-width-section standard_section   \" style=\"background-color: #994e41; color: #ffffff; padding-top: 70px; padding-bottom: 10px; \">\n    <div class=\"container\"><div class=\"thmlv-short-col thmlv-short-span-6\" data-animation=\"\" data-delay=\"0\"><img class=\"img-with-animation\" data-delay=\"100\" data-animation=\"fade-in-from-left\" src=\"https:\/\/edwigelherbet.fr\/wp-content\/uploads\/2022\/02\/img-1-services-copie-2.jpg\" alt=\"\" \/><\/div> <div class=\"thmlv-short-col thmlv-short-span-6 thmlv-short-col-last\" data-animation=\"\" data-delay=\"0\">\n<p><span style=\"color: #ffffff;\"><br \/>\nIDENTIT\u00c9 VISUELLE<br \/>\n<\/span>___<\/p>\n<p><strong>Donner du sens et une belle impression<\/strong>, voil\u00e0 le r\u00f4le d\u2019un logotype. <em>Communiquez efficacement<\/em>\u00a0avec une image qui <strong>vous d\u00e9marque<\/strong> au plus pr\u00e8s de leurs attentes.<br \/>\n<span style=\"color: #b99982;\"><strong>STARTER PACK.\u00a0<\/strong><\/span>Vous avez <strong>juste besoin d\u2019un logo<\/strong>, sans investir dans une charte graphique compl\u00e8te. Ce Pack, vous fournit un logo pour vos supports print et web.<br \/>\n<span style=\"color: #b99982;\"><strong>FULL PACK.<\/strong><\/span>\u00a0Vous souhaitez une identit\u00e9 visuelle <strong>compl\u00e8te et d\u00e9clinable<\/strong>. Ce second pack vous permet d&rsquo;avoir une charte graphique sur tous vos supports avec des r\u00e8gles d\u2019utilisation.<\/p>\n<\/div><div class=\"thmlv-short-clear\"><\/div><\/div><\/div>\n\n\t<div id=\"fws_6a07c503a5aff\" class=\"thmlv-short-full-width-section standard_section   \" style=\"background-color: #994e41; color: #ffffff; padding-top: 10px; padding-bottom: 20px; \">\n    <div class=\"container\"><div class=\"thmlv-short-col thmlv-short-span-6\" data-animation=\"\" data-delay=\"0\"><img class=\"img-with-animation\" data-delay=\"100\" data-animation=\"fade-in-from-left\" src=\"https:\/\/edwigelherbet.fr\/wp-content\/uploads\/2022\/02\/img-2-services-2.jpg\" alt=\"\" \/><\/div> <div class=\"thmlv-short-col thmlv-short-span-6 thmlv-short-col-last\" data-animation=\"\" data-delay=\"0\">\n<p><span style=\"color: #ffffff;\"><br \/>\nSUPPORT IMPRIM\u00c9<br \/>\n<\/span>___<\/p>\n<p>De la carte de visite \u00e0 l&rsquo;affiche en passant par le packaging de produits, je r\u00e9alise <strong>tous vos outils de communication<\/strong> print. <em>Vous vous marriez ?<\/em>\u00a0une naissance, un \u00e9v\u00e8nement \u00e0 c\u00e9l\u00e9brer ou un anniversaire. Annoncez vos plus beaux moments de vie avec une papeterie d\u00e9licate et adapt\u00e9e \u00e0 vos envies. En relation avec plusieurs imprimeurs je peux vous conseiller <em>toutes finitions d\u2019impressions<\/em>.<\/p>\n<\/div><div class=\"thmlv-short-clear\"><\/div><\/div><\/div>\n\n\t<div id=\"fws_6a07c503a5b62\" class=\"thmlv-short-full-width-section standard_section   \" style=\"background-color: #994e41; color: #ffffff; padding-top: 30px; padding-bottom: 80px; \">\n    <div class=\"container\"><div class=\"thmlv-short-col thmlv-short-span-6\" data-animation=\"\" data-delay=\"0\"><img class=\"img-with-animation\" data-delay=\"100\" data-animation=\"fade-in-from-left\" src=\"https:\/\/edwigelherbet.fr\/wp-content\/uploads\/2022\/03\/img-2-services-pano.jpg\" alt=\"\" \/><\/div> <div class=\"thmlv-short-col thmlv-short-span-6 thmlv-short-col-last\" data-animation=\"\" data-delay=\"0\">\n<p><span style=\"color: #ffffff;\"><br \/>\nSIGNAL\u00c9TIQUE<br \/>\n<\/span>___<\/p>\n<p><strong>Augmentez votre visibilit\u00e9<\/strong> gr\u00e2ce \u00e0 des panneaux ext\u00e9rieurs, une vitrophanie ou avec une enseigne sur-mesure en mettant en valeur votre activit\u00e9. En collaboration avec des experts en fabrications, nous mettons \u00e9galement disposition des possibilit\u00e9s d&rsquo;agencement pour <em>valoriser vos produits<\/em>.<\/p>\n<\/div><div class=\"thmlv-short-clear\"><\/div><\/div><\/div>\n\n\t<div id=\"fws_6a07c503a5bd1\" class=\"thmlv-short-full-width-section parallax_section   \" style=\"background-image: url(http:\/\/40.media.tumblr.com\/d74abc33efeceafba0fcd39fc952bef5\/tumblr_nhvv40vffV1qfirfao1_1280.jpg); background-position: Left Top; background-repeat: no-repeat; background-size: cover; -moz-background-size: cover; -webkit-background-size: cover;color: #ffffff; padding-top: 250px; padding-bottom: 250px; \">\n    <div class=\"container\">\n<h4><\/h4>\n<h1 style=\"text-align: center;\"><span style=\"color: #ffffff;\">Vous avez un projet ? Parlons-en !<\/span><\/h1>\n<p style=\"text-align: center;\"><span style=\"color: #ffffff;\">Valorisez vos projets et votre savoir-faire.<\/span><\/p>\n<p><\/div><\/div>\n\t<div id=\"fws_6a07c503a5c11\" class=\"thmlv-short-full-width-section parallax_section   \" style=\"background-image: url(http:\/\/36.media.tumblr.com\/c68eb6e5551912e231bbe8854c745263\/tumblr_ngfwlvHb1i1qfirfao1_1280.jpg); background-position: Left Top; background-repeat: no-repeat; background-size: cover; -moz-background-size: cover; -webkit-background-size: cover;color: #ffffff; padding-top: 400px; padding-bottom: 400px; \">\n    <div class=\"container\"> <\/div><\/div><\/p>\n<div class=\"thmlv-short-col thmlv-short-span-6\" data-animation=\"\" data-delay=\"0\">\n<p class=\"_projet\">______<\/p>\n<p class=\"_projet\">CAR NOUS SOMMES UNE \u00c9QUIPE CR\u00c9ATIVE.<\/p>\n<p>Garonne Communication est un r\u00e9seau de professionnels sp\u00e9cialis\u00e9s dans la communication.<\/p>\n<p><em>Sites internet et mise en place de r\u00e9seaux sociaux, photos, films et animations, organisation d&rsquo;\u00e9v\u00e8nements&#8230;<br \/>\n<\/em><span style=\"color: #37abc8;\"><a style=\"color: #37abc8;\" href=\"https:\/\/www.garonne-communication.com\/index.php\"><strong>Garonne Communication<\/strong><\/a><\/span><\/p>\n<\/div>\n<p><div style=\"height: 120px;\" class=\"thmlv-short-divider\"><\/div><div class=\"thmlv-short-col thmlv-short-span-3 thmlv-short-col-last has-animation\" data-animation=\"fade-in-from-bottom\" data-delay=\"70\"><a href=\"https:\/\/www.garonne-communication.com\/index.php\"><img loading=\"lazy\" class=\"wp-image-1360 alignleft\" src=\"https:\/\/edwigelherbet.fr\/wp-content\/uploads\/2022\/02\/membre-garonne-300x200.jpg\" alt=\"\" width=\"200\" height=\"133\" srcset=\"https:\/\/edwigelherbet.fr\/wp-content\/uploads\/2022\/02\/membre-garonne-300x200.jpg 300w, https:\/\/edwigelherbet.fr\/wp-content\/uploads\/2022\/02\/membre-garonne.jpg 750w\" sizes=\"(max-width: 200px) 100vw, 200px\" \/><\/a><\/div><div class=\"thmlv-short-clear\"><\/div>\n<div style=\"height: 100px;\" class=\"thmlv-short-divider\"><\/div><\/p>\n","protected":false},"excerpt":{"rendered":"","protected":false},"author":1,"featured_media":0,"parent":443,"menu_order":0,"comment_status":"open","ping_status":"open","template":"","meta":[],"yoast_head":"<!-- This site is optimized with the Yoast SEO plugin v19.4 - https:\/\/yoast.com\/wordpress\/plugins\/seo\/ -->\n<title>services Edwige Lherbet | Graphiste Lot-et-Garonne<\/title>\n<meta name=\"description\" content=\"D\u00e9couvrez les services de cr\u00e9ations ou renouvellements de projets graphiques. Pr\u00e9sentez vos services ou produits sous leurs meilleurs angles.\" \/>\n<meta name=\"robots\" content=\"index, follow, max-snippet:-1, max-image-preview:large, max-video-preview:-1\" \/>\n<link rel=\"canonical\" href=\"https:\/\/edwigelherbet.fr\/?page_id=9\" \/>\n<meta property=\"og:locale\" content=\"fr_FR\" \/>\n<meta property=\"og:type\" content=\"article\" \/>\n<meta property=\"og:title\" content=\"services Edwige Lherbet | Graphiste Lot-et-Garonne\" \/>\n<meta property=\"og:description\" content=\"D\u00e9couvrez les services de cr\u00e9ations ou renouvellements de projets graphiques. Pr\u00e9sentez vos services ou produits sous leurs meilleurs angles.\" \/>\n<meta property=\"og:url\" content=\"https:\/\/edwigelherbet.fr\/?page_id=9\" \/>\n<meta property=\"og:site_name\" content=\"Edwige Lherbet | Graphiste Lot-et-Garonne\" \/>\n<meta property=\"article:publisher\" content=\"https:\/\/www.facebook.com\/edwige.graphiste\" \/>\n<meta property=\"article:modified_time\" content=\"2022-03-02T13:32:00+00:00\" \/>\n<meta property=\"og:image\" content=\"https:\/\/edwigelherbet.fr\/wp-content\/uploads\/2022\/02\/membre-garonne-300x200.jpg\" \/>\n<meta name=\"twitter:card\" content=\"summary_large_image\" \/>\n<meta name=\"twitter:label1\" content=\"Dur\u00e9e de lecture estim\u00e9e\" \/>\n\t<meta name=\"twitter:data1\" content=\"3 minutes\" \/>\n<script type=\"application\/ld+json\" class=\"yoast-schema-graph\">{\"@context\":\"https:\/\/schema.org\",\"@graph\":[{\"@type\":\"Organization\",\"@id\":\"https:\/\/edwigelherbet.fr\/#organization\",\"name\":\"Edwige Lherbet\",\"url\":\"https:\/\/edwigelherbet.fr\/\",\"sameAs\":[\"https:\/\/www.instagram.com\/edwige_lhrbt\/\",\"https:\/\/www.facebook.com\/edwige.graphiste\"],\"logo\":{\"@type\":\"ImageObject\",\"inLanguage\":\"fr-FR\",\"@id\":\"https:\/\/edwigelherbet.fr\/#\/schema\/logo\/image\/\",\"url\":\"https:\/\/edwigelherbet.fr\/wp-content\/uploads\/2021\/12\/seologo-2.jpg\",\"contentUrl\":\"https:\/\/edwigelherbet.fr\/wp-content\/uploads\/2021\/12\/seologo-2.jpg\",\"width\":314,\"height\":205,\"caption\":\"Edwige Lherbet\"},\"image\":{\"@id\":\"https:\/\/edwigelherbet.fr\/#\/schema\/logo\/image\/\"}},{\"@type\":\"WebSite\",\"@id\":\"https:\/\/edwigelherbet.fr\/#website\",\"url\":\"https:\/\/edwigelherbet.fr\/\",\"name\":\"Edwige Lherbet | Graphiste Lot-et-Garonne\",\"description\":\"Graphiste ind\u00e9pendant Lot et Garonne\",\"publisher\":{\"@id\":\"https:\/\/edwigelherbet.fr\/#organization\"},\"potentialAction\":[{\"@type\":\"SearchAction\",\"target\":{\"@type\":\"EntryPoint\",\"urlTemplate\":\"https:\/\/edwigelherbet.fr\/?s={search_term_string}\"},\"query-input\":\"required name=search_term_string\"}],\"inLanguage\":\"fr-FR\"},{\"@type\":\"WebPage\",\"@id\":\"https:\/\/edwigelherbet.fr\/?page_id=9\",\"url\":\"https:\/\/edwigelherbet.fr\/?page_id=9\",\"name\":\"services Edwige Lherbet | Graphiste Lot-et-Garonne\",\"isPartOf\":{\"@id\":\"https:\/\/edwigelherbet.fr\/#website\"},\"datePublished\":\"2015-01-18T13:19:44+00:00\",\"dateModified\":\"2022-03-02T13:32:00+00:00\",\"description\":\"D\u00e9couvrez les services de cr\u00e9ations ou renouvellements de projets graphiques. Pr\u00e9sentez vos services ou produits sous leurs meilleurs angles.\",\"breadcrumb\":{\"@id\":\"https:\/\/edwigelherbet.fr\/?page_id=9#breadcrumb\"},\"inLanguage\":\"fr-FR\",\"potentialAction\":[{\"@type\":\"ReadAction\",\"target\":[\"https:\/\/edwigelherbet.fr\/?page_id=9\"]}]},{\"@type\":\"BreadcrumbList\",\"@id\":\"https:\/\/edwigelherbet.fr\/?page_id=9#breadcrumb\",\"itemListElement\":[{\"@type\":\"ListItem\",\"position\":1,\"name\":\"Accueil\",\"item\":\"https:\/\/edwigelherbet.fr\/\"},{\"@type\":\"ListItem\",\"position\":2,\"name\":\"Shortcodes\",\"item\":\"https:\/\/edwigelherbet.fr\/?page_id=443\"},{\"@type\":\"ListItem\",\"position\":3,\"name\":\"services\"}]}]}<\/script>\n<!-- \/ Yoast SEO plugin. -->","yoast_head_json":{"title":"services Edwige Lherbet | Graphiste Lot-et-Garonne","description":"D\u00e9couvrez les services de cr\u00e9ations ou renouvellements de projets graphiques. Pr\u00e9sentez vos services ou produits sous leurs meilleurs angles.","robots":{"index":"index","follow":"follow","max-snippet":"max-snippet:-1","max-image-preview":"max-image-preview:large","max-video-preview":"max-video-preview:-1"},"canonical":"https:\/\/edwigelherbet.fr\/?page_id=9","og_locale":"fr_FR","og_type":"article","og_title":"services Edwige Lherbet | Graphiste Lot-et-Garonne","og_description":"D\u00e9couvrez les services de cr\u00e9ations ou renouvellements de projets graphiques. Pr\u00e9sentez vos services ou produits sous leurs meilleurs angles.","og_url":"https:\/\/edwigelherbet.fr\/?page_id=9","og_site_name":"Edwige Lherbet | Graphiste Lot-et-Garonne","article_publisher":"https:\/\/www.facebook.com\/edwige.graphiste","article_modified_time":"2022-03-02T13:32:00+00:00","og_image":[{"url":"https:\/\/edwigelherbet.fr\/wp-content\/uploads\/2022\/02\/membre-garonne-300x200.jpg"}],"twitter_card":"summary_large_image","twitter_misc":{"Dur\u00e9e de lecture estim\u00e9e":"3 minutes"},"schema":{"@context":"https:\/\/schema.org","@graph":[{"@type":"Organization","@id":"https:\/\/edwigelherbet.fr\/#organization","name":"Edwige Lherbet","url":"https:\/\/edwigelherbet.fr\/","sameAs":["https:\/\/www.instagram.com\/edwige_lhrbt\/","https:\/\/www.facebook.com\/edwige.graphiste"],"logo":{"@type":"ImageObject","inLanguage":"fr-FR","@id":"https:\/\/edwigelherbet.fr\/#\/schema\/logo\/image\/","url":"https:\/\/edwigelherbet.fr\/wp-content\/uploads\/2021\/12\/seologo-2.jpg","contentUrl":"https:\/\/edwigelherbet.fr\/wp-content\/uploads\/2021\/12\/seologo-2.jpg","width":314,"height":205,"caption":"Edwige Lherbet"},"image":{"@id":"https:\/\/edwigelherbet.fr\/#\/schema\/logo\/image\/"}},{"@type":"WebSite","@id":"https:\/\/edwigelherbet.fr\/#website","url":"https:\/\/edwigelherbet.fr\/","name":"Edwige Lherbet | Graphiste Lot-et-Garonne","description":"Graphiste ind\u00e9pendant Lot et Garonne","publisher":{"@id":"https:\/\/edwigelherbet.fr\/#organization"},"potentialAction":[{"@type":"SearchAction","target":{"@type":"EntryPoint","urlTemplate":"https:\/\/edwigelherbet.fr\/?s={search_term_string}"},"query-input":"required name=search_term_string"}],"inLanguage":"fr-FR"},{"@type":"WebPage","@id":"https:\/\/edwigelherbet.fr\/?page_id=9","url":"https:\/\/edwigelherbet.fr\/?page_id=9","name":"services Edwige Lherbet | Graphiste Lot-et-Garonne","isPartOf":{"@id":"https:\/\/edwigelherbet.fr\/#website"},"datePublished":"2015-01-18T13:19:44+00:00","dateModified":"2022-03-02T13:32:00+00:00","description":"D\u00e9couvrez les services de cr\u00e9ations ou renouvellements de projets graphiques. Pr\u00e9sentez vos services ou produits sous leurs meilleurs angles.","breadcrumb":{"@id":"https:\/\/edwigelherbet.fr\/?page_id=9#breadcrumb"},"inLanguage":"fr-FR","potentialAction":[{"@type":"ReadAction","target":["https:\/\/edwigelherbet.fr\/?page_id=9"]}]},{"@type":"BreadcrumbList","@id":"https:\/\/edwigelherbet.fr\/?page_id=9#breadcrumb","itemListElement":[{"@type":"ListItem","position":1,"name":"Accueil","item":"https:\/\/edwigelherbet.fr\/"},{"@type":"ListItem","position":2,"name":"Shortcodes","item":"https:\/\/edwigelherbet.fr\/?page_id=443"},{"@type":"ListItem","position":3,"name":"services"}]}]}},"_links":{"self":[{"href":"https:\/\/edwigelherbet.fr\/index.php?rest_route=\/wp\/v2\/pages\/9"}],"collection":[{"href":"https:\/\/edwigelherbet.fr\/index.php?rest_route=\/wp\/v2\/pages"}],"about":[{"href":"https:\/\/edwigelherbet.fr\/index.php?rest_route=\/wp\/v2\/types\/page"}],"author":[{"embeddable":true,"href":"https:\/\/edwigelherbet.fr\/index.php?rest_route=\/wp\/v2\/users\/1"}],"replies":[{"embeddable":true,"href":"https:\/\/edwigelherbet.fr\/index.php?rest_route=%2Fwp%2Fv2%2Fcomments&post=9"}],"version-history":[{"count":157,"href":"https:\/\/edwigelherbet.fr\/index.php?rest_route=\/wp\/v2\/pages\/9\/revisions"}],"predecessor-version":[{"id":1524,"href":"https:\/\/edwigelherbet.fr\/index.php?rest_route=\/wp\/v2\/pages\/9\/revisions\/1524"}],"up":[{"embeddable":true,"href":"https:\/\/edwigelherbet.fr\/index.php?rest_route=\/wp\/v2\/pages\/443"}],"wp:attachment":[{"href":"https:\/\/edwigelherbet.fr\/index.php?rest_route=%2Fwp%2Fv2%2Fmedia&parent=9"}],"curies":[{"name":"wp","href":"https:\/\/api.w.org\/{rel}","templated":true}]}}